{"id":322,"date":"2025-07-25T16:36:58","date_gmt":"2025-07-25T16:36:58","guid":{"rendered":"https:\/\/canaco.inovatix.com.mx\/?page_id=322"},"modified":"2025-07-25T16:38:50","modified_gmt":"2025-07-25T16:38:50","slug":"cursos","status":"publish","type":"page","link":"https:\/\/canaco.inovatix.com.mx\/index.php\/cursos\/","title":{"rendered":"Cursos"},"content":{"rendered":"\t\t<div data-elementor-type=\"wp-page\" data-elementor-id=\"322\" class=\"elementor elementor-322\">\n\t\t\t\t<div class=\"elementor-element elementor-element-8b165a4 e-flex e-con-boxed e-con e-parent\" data-id=\"8b165a4\" data-element_type=\"container\" data-e-type=\"container\">\n\t\t\t\t\t<div class=\"e-con-inner\">\n\t\t\t\t<div class=\"elementor-element elementor-element-4db7b87 elementor-widget elementor-widget-heading\" data-id=\"4db7b87\" data-element_type=\"widget\" data-e-type=\"widget\" data-widget_type=\"heading.default\">\n\t\t\t\t\t<h2 class=\"elementor-heading-title elementor-size-default\">NUESTROS CURSOS<\/h2>\t\t\t\t<\/div>\n\t\t\t\t\t<\/div>\n\t\t\t\t<\/div>\n\t\t<div class=\"elementor-element elementor-element-9cfbefb e-flex e-con-boxed e-con e-parent\" data-id=\"9cfbefb\" data-element_type=\"container\" data-e-type=\"container\">\n\t\t\t\t\t<div class=\"e-con-inner\">\n\t\t\t\t<div class=\"elementor-element elementor-element-e937d8c elementor-widget elementor-widget-heading\" data-id=\"e937d8c\" data-element_type=\"widget\" data-e-type=\"widget\" data-widget_type=\"heading.default\">\n\t\t\t\t\t<h2 class=\"elementor-heading-title elementor-size-default\">Ofrecemos una amplia variedad de cursos y programas de\ncapacitaci\u00f3n empresarial que te permitir\u00e1n adquirir las habilidades y\nconocimientos necesarios para alcanzar tus objetivos.<\/h2>\t\t\t\t<\/div>\n\t\t\t\t\t<\/div>\n\t\t\t\t<\/div>\n\t\t<div class=\"elementor-element elementor-element-a461c87 e-flex e-con-boxed e-con e-parent\" data-id=\"a461c87\" data-element_type=\"container\" data-e-type=\"container\">\n\t\t\t\t\t<div class=\"e-con-inner\">\n\t\t\t\t<div class=\"elementor-element elementor-element-3ad459e elementor-widget elementor-widget-razzi-products-grid\" data-id=\"3ad459e\" data-element_type=\"widget\" data-e-type=\"widget\" data-settings=\"{&quot;category&quot;:&quot;cursos&quot;,&quot;per_page&quot;:8,&quot;columns&quot;:4,&quot;products&quot;:&quot;recent&quot;}\" data-widget_type=\"razzi-products-grid.default\">\n\t\t\t\t<div class=\"elementor-widget-container\">\n\t\t\t\t\t\t\t<div class=\"razzi-products-grid woocommerce\">\r\n\t\t\t<div class=\"product-content\"><ul class=\"products columns-4\">\n<li class=\"product type-product post-169 status-publish first instock product_cat-cursos has-post-thumbnail virtual purchasable product-type-simple\">\n\t<a href=\"https:\/\/canaco.inovatix.com.mx\/index.php\/product\/atencion-y-calidad-en-el-servicio-al-usuario\/\" class=\"woocommerce-LoopProduct-link woocommerce-loop-product__link\"><img fetchpriority=\"high\" decoding=\"async\" width=\"300\" height=\"300\" src=\"https:\/\/canaco.inovatix.com.mx\/wp-content\/uploads\/2025\/07\/Curso-3-300x300.jpeg\" class=\"attachment-woocommerce_thumbnail size-woocommerce_thumbnail\" alt=\"Atenci\u00f3n y calidad en el servicio al usuario\" srcset=\"https:\/\/canaco.inovatix.com.mx\/wp-content\/uploads\/2025\/07\/Curso-3-300x300.jpeg 300w, https:\/\/canaco.inovatix.com.mx\/wp-content\/uploads\/2025\/07\/Curso-3-150x150.jpeg 150w, https:\/\/canaco.inovatix.com.mx\/wp-content\/uploads\/2025\/07\/Curso-3-100x100.jpeg 100w\" sizes=\"(max-width: 300px) 100vw, 300px\" \/><h2 class=\"woocommerce-loop-product__title\">Atenci\u00f3n y calidad en el servicio al usuario<\/h2>\n\t<span class=\"price\"><span class=\"woocommerce-Price-amount amount\"><bdi><span class=\"woocommerce-Price-currencySymbol\">&#36;<\/span>800.00<\/bdi><\/span><\/span>\n<\/a><a href=\"\/index.php\/wp-json\/wp\/v2\/pages\/322?add-to-cart=169\" aria-describedby=\"woocommerce_loop_add_to_cart_link_describedby_169\" data-quantity=\"1\" class=\"button product_type_simple add_to_cart_button ajax_add_to_cart\" data-product_id=\"169\" data-product_sku=\"\" aria-label=\"Add to cart: &ldquo;Atenci\u00f3n y calidad en el servicio al usuario&rdquo;\" rel=\"nofollow\" data-success_message=\"&ldquo;Atenci\u00f3n y calidad en el servicio al usuario&rdquo; has been added to your cart\">A\u00f1adir al carrito<\/a>\t<span id=\"woocommerce_loop_add_to_cart_link_describedby_169\" class=\"screen-reader-text\">\n\t\t\t<\/span>\n<\/li>\n<li class=\"product type-product post-167 status-publish instock product_cat-cursos has-post-thumbnail virtual purchasable product-type-simple\">\n\t<a href=\"https:\/\/canaco.inovatix.com.mx\/index.php\/product\/curso-manejo-operativo-de-redes-sociales\/\" class=\"woocommerce-LoopProduct-link woocommerce-loop-product__link\"><img decoding=\"async\" width=\"300\" height=\"300\" src=\"https:\/\/canaco.inovatix.com.mx\/wp-content\/uploads\/2025\/07\/curso1-300x300.jpeg\" class=\"attachment-woocommerce_thumbnail size-woocommerce_thumbnail\" alt=\"Curso manejo operativo de redes sociales\" srcset=\"https:\/\/canaco.inovatix.com.mx\/wp-content\/uploads\/2025\/07\/curso1-300x300.jpeg 300w, https:\/\/canaco.inovatix.com.mx\/wp-content\/uploads\/2025\/07\/curso1-150x150.jpeg 150w, https:\/\/canaco.inovatix.com.mx\/wp-content\/uploads\/2025\/07\/curso1-100x100.jpeg 100w\" sizes=\"(max-width: 300px) 100vw, 300px\" \/><h2 class=\"woocommerce-loop-product__title\">Curso manejo operativo de redes sociales<\/h2>\n\t<span class=\"price\"><span class=\"woocommerce-Price-amount amount\"><bdi><span class=\"woocommerce-Price-currencySymbol\">&#36;<\/span>800.00<\/bdi><\/span><\/span>\n<\/a><a href=\"\/index.php\/wp-json\/wp\/v2\/pages\/322?add-to-cart=167\" aria-describedby=\"woocommerce_loop_add_to_cart_link_describedby_167\" data-quantity=\"1\" class=\"button product_type_simple add_to_cart_button ajax_add_to_cart\" data-product_id=\"167\" data-product_sku=\"\" aria-label=\"Add to cart: &ldquo;Curso manejo operativo de redes sociales&rdquo;\" rel=\"nofollow\" data-success_message=\"&ldquo;Curso manejo operativo de redes sociales&rdquo; has been added to your cart\">A\u00f1adir al carrito<\/a>\t<span id=\"woocommerce_loop_add_to_cart_link_describedby_167\" class=\"screen-reader-text\">\n\t\t\t<\/span>\n<\/li>\n<li class=\"product type-product post-171 status-publish instock product_cat-cursos has-post-thumbnail virtual purchasable product-type-simple\">\n\t<a href=\"https:\/\/canaco.inovatix.com.mx\/index.php\/product\/curso-practico-sobre-la-declaracion-anual-para-personas-fisicas\/\" class=\"woocommerce-LoopProduct-link woocommerce-loop-product__link\"><img decoding=\"async\" width=\"300\" height=\"300\" src=\"https:\/\/canaco.inovatix.com.mx\/wp-content\/uploads\/2025\/07\/WhatsApp-Image-2023-03-30-at-1.40.00-PM-300x300.jpeg\" class=\"attachment-woocommerce_thumbnail size-woocommerce_thumbnail\" alt=\"Curso practico sobre la declaraci\u00f3n anual para personas f\u00edsicas\" srcset=\"https:\/\/canaco.inovatix.com.mx\/wp-content\/uploads\/2025\/07\/WhatsApp-Image-2023-03-30-at-1.40.00-PM-300x300.jpeg 300w, https:\/\/canaco.inovatix.com.mx\/wp-content\/uploads\/2025\/07\/WhatsApp-Image-2023-03-30-at-1.40.00-PM-150x150.jpeg 150w, https:\/\/canaco.inovatix.com.mx\/wp-content\/uploads\/2025\/07\/WhatsApp-Image-2023-03-30-at-1.40.00-PM-100x100.jpeg 100w\" sizes=\"(max-width: 300px) 100vw, 300px\" \/><h2 class=\"woocommerce-loop-product__title\">Curso practico sobre la declaraci\u00f3n anual para personas f\u00edsicas<\/h2>\n\t<span class=\"price\"><span class=\"woocommerce-Price-amount amount\"><bdi><span class=\"woocommerce-Price-currencySymbol\">&#36;<\/span>450.00<\/bdi><\/span><\/span>\n<\/a><a href=\"\/index.php\/wp-json\/wp\/v2\/pages\/322?add-to-cart=171\" aria-describedby=\"woocommerce_loop_add_to_cart_link_describedby_171\" data-quantity=\"1\" class=\"button product_type_simple add_to_cart_button ajax_add_to_cart\" data-product_id=\"171\" data-product_sku=\"\" aria-label=\"Add to cart: &ldquo;Curso practico sobre la declaraci\u00f3n anual para personas f\u00edsicas&rdquo;\" rel=\"nofollow\" data-success_message=\"&ldquo;Curso practico sobre la declaraci\u00f3n anual para personas f\u00edsicas&rdquo; has been added to your cart\">A\u00f1adir al carrito<\/a>\t<span id=\"woocommerce_loop_add_to_cart_link_describedby_171\" class=\"screen-reader-text\">\n\t\t\t<\/span>\n<\/li>\n<li class=\"product type-product post-165 status-publish last instock product_cat-cursos has-post-thumbnail virtual purchasable product-type-simple\">\n\t<a href=\"https:\/\/canaco.inovatix.com.mx\/index.php\/product\/curso-reforma-laboral-2023-y-regimen-simplificado-de-confianza\/\" class=\"woocommerce-LoopProduct-link woocommerce-loop-product__link\"><img loading=\"lazy\" decoding=\"async\" width=\"300\" height=\"300\" src=\"https:\/\/canaco.inovatix.com.mx\/wp-content\/uploads\/2025\/07\/Curso-2-300x300.jpeg\" class=\"attachment-woocommerce_thumbnail size-woocommerce_thumbnail\" alt=\"Curso reforma laboral 2023 y r\u00e9gimen simplificado de confianza\" srcset=\"https:\/\/canaco.inovatix.com.mx\/wp-content\/uploads\/2025\/07\/Curso-2-300x300.jpeg 300w, https:\/\/canaco.inovatix.com.mx\/wp-content\/uploads\/2025\/07\/Curso-2-150x150.jpeg 150w, https:\/\/canaco.inovatix.com.mx\/wp-content\/uploads\/2025\/07\/Curso-2-100x100.jpeg 100w\" sizes=\"(max-width: 300px) 100vw, 300px\" \/><h2 class=\"woocommerce-loop-product__title\">Curso reforma laboral 2023 y r\u00e9gimen simplificado de confianza<\/h2>\n\t<span class=\"price\"><span class=\"woocommerce-Price-amount amount\"><bdi><span class=\"woocommerce-Price-currencySymbol\">&#36;<\/span>800.00<\/bdi><\/span><\/span>\n<\/a><a href=\"\/index.php\/wp-json\/wp\/v2\/pages\/322?add-to-cart=165\" aria-describedby=\"woocommerce_loop_add_to_cart_link_describedby_165\" data-quantity=\"1\" class=\"button product_type_simple add_to_cart_button ajax_add_to_cart\" data-product_id=\"165\" data-product_sku=\"\" aria-label=\"Add to cart: &ldquo;Curso reforma laboral 2023 y r\u00e9gimen simplificado de confianza&rdquo;\" rel=\"nofollow\" data-success_message=\"&ldquo;Curso reforma laboral 2023 y r\u00e9gimen simplificado de confianza&rdquo; has been added to your cart\">A\u00f1adir al carrito<\/a>\t<span id=\"woocommerce_loop_add_to_cart_link_describedby_165\" class=\"screen-reader-text\">\n\t\t\t<\/span>\n<\/li>\n<\/ul>\n<\/div>\t\t<\/div>\r\n\t\t\t\t\t\t<\/div>\n\t\t\t\t<\/div>\n\t\t\t\t\t<\/div>\n\t\t\t\t<\/div>\n\t\t\t\t<\/div>\n\t\t","protected":false},"excerpt":{"rendered":"<p>NUESTROS CURSOS Ofrecemos una amplia variedad de cursos y programas de capacitaci\u00f3n empresarial que te permitir\u00e1n adquirir las habilidades y conocimientos necesarios para alcanzar tus objetivos. A\u00f1adir al carrito Ver Agregar a lista de deseoscursos Atenci\u00f3n y calidad en el servicio al usuario &#36;800.00 A\u00f1adir al carrito Ver Agregar a lista de deseoscursos Curso Manejo [&hellip;]<\/p>\n","protected":false},"author":1,"featured_media":0,"parent":0,"menu_order":0,"comment_status":"closed","ping_status":"closed","template":"","meta":{"footnotes":""},"class_list":["post-322","page","type-page","status-publish","hentry"],"_links":{"self":[{"href":"https:\/\/canaco.inovatix.com.mx\/index.php\/wp-json\/wp\/v2\/pages\/322","targetHints":{"allow":["GET"]}}],"collection":[{"href":"https:\/\/canaco.inovatix.com.mx\/index.php\/wp-json\/wp\/v2\/pages"}],"about":[{"href":"https:\/\/canaco.inovatix.com.mx\/index.php\/wp-json\/wp\/v2\/types\/page"}],"author":[{"embeddable":true,"href":"https:\/\/canaco.inovatix.com.mx\/index.php\/wp-json\/wp\/v2\/users\/1"}],"replies":[{"embeddable":true,"href":"https:\/\/canaco.inovatix.com.mx\/index.php\/wp-json\/wp\/v2\/comments?post=322"}],"version-history":[{"count":4,"href":"https:\/\/canaco.inovatix.com.mx\/index.php\/wp-json\/wp\/v2\/pages\/322\/revisions"}],"predecessor-version":[{"id":326,"href":"https:\/\/canaco.inovatix.com.mx\/index.php\/wp-json\/wp\/v2\/pages\/322\/revisions\/326"}],"wp:attachment":[{"href":"https:\/\/canaco.inovatix.com.mx\/index.php\/wp-json\/wp\/v2\/media?parent=322"}],"curies":[{"name":"wp","href":"https:\/\/api.w.org\/{rel}","templated":true}]}}