{"id":366,"date":"2025-07-29T17:35:02","date_gmt":"2025-07-29T17:35:02","guid":{"rendered":"https:\/\/canaco.inovatix.com.mx\/?page_id=366"},"modified":"2025-07-29T17:37:46","modified_gmt":"2025-07-29T17:37:46","slug":"tienda","status":"publish","type":"page","link":"https:\/\/canaco.inovatix.com.mx\/index.php\/tienda\/","title":{"rendered":"Tienda"},"content":{"rendered":"\t\t<div data-elementor-type=\"wp-page\" data-elementor-id=\"366\" class=\"elementor elementor-366\">\n\t\t\t\t<div class=\"elementor-element elementor-element-516ea54 e-flex e-con-boxed e-con e-parent\" data-id=\"516ea54\" data-element_type=\"container\" data-e-type=\"container\">\n\t\t\t\t\t<div class=\"e-con-inner\">\n\t\t\t\t<div class=\"elementor-element elementor-element-e8ca199 elementor-widget elementor-widget-razzi-product-tab\" data-id=\"e8ca199\" data-element_type=\"widget\" data-e-type=\"widget\" data-settings=\"{&quot;slidesToShow&quot;:4,&quot;slidesToScroll&quot;:4,&quot;navigation&quot;:&quot;scrollbar&quot;,&quot;speed&quot;:800}\" data-widget_type=\"razzi-product-tab.default\">\n\t\t\t\t<div class=\"elementor-widget-container\">\n\t\t\t\t\t\t\t<div class=\"razzi-products-tabs razzi-tabs razzi-elementor-product-carousel razzi-swiper-carousel-elementor woocommerce navigation-scrollbar navigation-tablet-scrollbar navigation-mobile-scrollbar tabs-position-top\">\r\n\t\t\t<ul class=\"tabs-header tabs-nav tabs\"> <li><a href=\"#\" data-href=\"recent\" class=\"active\"><\/a><\/li> <li><a href=\"#\" data-href=\"featured\" class=\"\"><\/a><\/li> <li><a href=\"#\" data-href=\"top_rated\" class=\"\"><\/a><\/li> <\/ul><div class=\"tabs-content\"><div class=\"tabs-panel tabs-recent tab-loaded active\" data-settings=\"{&quot;products&quot;:&quot;recent&quot;,&quot;orderby&quot;:&quot;&quot;,&quot;order&quot;:&quot;&quot;,&quot;category&quot;:&quot;accesorios&quot;,&quot;tag&quot;:&quot;&quot;,&quot;product_brands&quot;:&quot;&quot;,&quot;per_page&quot;:8,&quot;paginate&quot;:true}\"> <ul class=\"products columns-4\">\n<li class=\"product type-product post-353 status-publish first instock product_cat-accesorios has-post-thumbnail shipping-taxable purchasable product-type-simple\">\n\t<a href=\"https:\/\/canaco.inovatix.com.mx\/index.php\/product\/camisa-canaco\/\" class=\"woocommerce-LoopProduct-link woocommerce-loop-product__link\"><img fetchpriority=\"high\" decoding=\"async\" width=\"300\" height=\"300\" src=\"https:\/\/canaco.inovatix.com.mx\/wp-content\/uploads\/2025\/07\/WhatsApp-Image-2025-07-28-at-1.30.15-PM-2-300x300.jpeg\" class=\"attachment-woocommerce_thumbnail size-woocommerce_thumbnail\" alt=\"camisa canaco\" srcset=\"https:\/\/canaco.inovatix.com.mx\/wp-content\/uploads\/2025\/07\/WhatsApp-Image-2025-07-28-at-1.30.15-PM-2-300x300.jpeg 300w, https:\/\/canaco.inovatix.com.mx\/wp-content\/uploads\/2025\/07\/WhatsApp-Image-2025-07-28-at-1.30.15-PM-2-150x150.jpeg 150w, https:\/\/canaco.inovatix.com.mx\/wp-content\/uploads\/2025\/07\/WhatsApp-Image-2025-07-28-at-1.30.15-PM-2-768x768.jpeg 768w, https:\/\/canaco.inovatix.com.mx\/wp-content\/uploads\/2025\/07\/WhatsApp-Image-2025-07-28-at-1.30.15-PM-2-600x600.jpeg 600w, https:\/\/canaco.inovatix.com.mx\/wp-content\/uploads\/2025\/07\/WhatsApp-Image-2025-07-28-at-1.30.15-PM-2-100x100.jpeg 100w, https:\/\/canaco.inovatix.com.mx\/wp-content\/uploads\/2025\/07\/WhatsApp-Image-2025-07-28-at-1.30.15-PM-2.jpeg 800w\" sizes=\"(max-width: 300px) 100vw, 300px\" \/><h2 class=\"woocommerce-loop-product__title\">camisa canaco<\/h2>\n\t<span class=\"price\"><span class=\"woocommerce-Price-amount amount\"><bdi><span class=\"woocommerce-Price-currencySymbol\">&#36;<\/span>500.00<\/bdi><\/span><\/span>\n<\/a><a href=\"\/index.php\/wp-json\/wp\/v2\/pages\/366?add-to-cart=353\" aria-describedby=\"woocommerce_loop_add_to_cart_link_describedby_353\" data-quantity=\"1\" class=\"button product_type_simple add_to_cart_button ajax_add_to_cart\" data-product_id=\"353\" data-product_sku=\"\" aria-label=\"Add to cart: &ldquo;camisa canaco&rdquo;\" rel=\"nofollow\" data-success_message=\"&ldquo;camisa canaco&rdquo; has been added to your cart\">A\u00f1adir al carrito<\/a>\t<span id=\"woocommerce_loop_add_to_cart_link_describedby_353\" class=\"screen-reader-text\">\n\t\t\t<\/span>\n<\/li>\n<li class=\"product type-product post-351 status-publish instock product_cat-accesorios has-post-thumbnail shipping-taxable purchasable product-type-simple\">\n\t<a href=\"https:\/\/canaco.inovatix.com.mx\/index.php\/product\/libreta-canaco\/\" class=\"woocommerce-LoopProduct-link woocommerce-loop-product__link\"><img decoding=\"async\" width=\"300\" height=\"300\" src=\"https:\/\/canaco.inovatix.com.mx\/wp-content\/uploads\/2025\/07\/WhatsApp-Image-2025-07-28-at-1.30.15-PM-1-300x300.jpeg\" class=\"attachment-woocommerce_thumbnail size-woocommerce_thumbnail\" alt=\"Libreta canaco\" srcset=\"https:\/\/canaco.inovatix.com.mx\/wp-content\/uploads\/2025\/07\/WhatsApp-Image-2025-07-28-at-1.30.15-PM-1-300x300.jpeg 300w, https:\/\/canaco.inovatix.com.mx\/wp-content\/uploads\/2025\/07\/WhatsApp-Image-2025-07-28-at-1.30.15-PM-1-150x150.jpeg 150w, https:\/\/canaco.inovatix.com.mx\/wp-content\/uploads\/2025\/07\/WhatsApp-Image-2025-07-28-at-1.30.15-PM-1-768x768.jpeg 768w, https:\/\/canaco.inovatix.com.mx\/wp-content\/uploads\/2025\/07\/WhatsApp-Image-2025-07-28-at-1.30.15-PM-1-600x600.jpeg 600w, https:\/\/canaco.inovatix.com.mx\/wp-content\/uploads\/2025\/07\/WhatsApp-Image-2025-07-28-at-1.30.15-PM-1-100x100.jpeg 100w, https:\/\/canaco.inovatix.com.mx\/wp-content\/uploads\/2025\/07\/WhatsApp-Image-2025-07-28-at-1.30.15-PM-1.jpeg 800w\" sizes=\"(max-width: 300px) 100vw, 300px\" \/><h2 class=\"woocommerce-loop-product__title\">Libreta canaco<\/h2>\n\t<span class=\"price\"><span class=\"woocommerce-Price-amount amount\"><bdi><span class=\"woocommerce-Price-currencySymbol\">&#36;<\/span>150.00<\/bdi><\/span><\/span>\n<\/a><a href=\"\/index.php\/wp-json\/wp\/v2\/pages\/366?add-to-cart=351\" aria-describedby=\"woocommerce_loop_add_to_cart_link_describedby_351\" data-quantity=\"1\" class=\"button product_type_simple add_to_cart_button ajax_add_to_cart\" data-product_id=\"351\" data-product_sku=\"\" aria-label=\"Add to cart: &ldquo;Libreta canaco&rdquo;\" rel=\"nofollow\" data-success_message=\"&ldquo;Libreta canaco&rdquo; has been added to your cart\">A\u00f1adir al carrito<\/a>\t<span id=\"woocommerce_loop_add_to_cart_link_describedby_351\" class=\"screen-reader-text\">\n\t\t\t<\/span>\n<\/li>\n<li class=\"product type-product post-377 status-publish instock product_cat-accesorios product_cat-uncategorized has-post-thumbnail shipping-taxable purchasable product-type-simple\">\n\t<a href=\"https:\/\/canaco.inovatix.com.mx\/index.php\/product\/prueba\/\" class=\"woocommerce-LoopProduct-link woocommerce-loop-product__link\"><img decoding=\"async\" width=\"300\" height=\"300\" src=\"https:\/\/canaco.inovatix.com.mx\/wp-content\/uploads\/2025\/07\/WhatsApp-Image-2025-07-28-at-1.30.15-PM-1-300x300.jpeg\" class=\"attachment-woocommerce_thumbnail size-woocommerce_thumbnail\" alt=\"prueba\" srcset=\"https:\/\/canaco.inovatix.com.mx\/wp-content\/uploads\/2025\/07\/WhatsApp-Image-2025-07-28-at-1.30.15-PM-1-300x300.jpeg 300w, https:\/\/canaco.inovatix.com.mx\/wp-content\/uploads\/2025\/07\/WhatsApp-Image-2025-07-28-at-1.30.15-PM-1-150x150.jpeg 150w, https:\/\/canaco.inovatix.com.mx\/wp-content\/uploads\/2025\/07\/WhatsApp-Image-2025-07-28-at-1.30.15-PM-1-768x768.jpeg 768w, https:\/\/canaco.inovatix.com.mx\/wp-content\/uploads\/2025\/07\/WhatsApp-Image-2025-07-28-at-1.30.15-PM-1-600x600.jpeg 600w, https:\/\/canaco.inovatix.com.mx\/wp-content\/uploads\/2025\/07\/WhatsApp-Image-2025-07-28-at-1.30.15-PM-1-100x100.jpeg 100w, https:\/\/canaco.inovatix.com.mx\/wp-content\/uploads\/2025\/07\/WhatsApp-Image-2025-07-28-at-1.30.15-PM-1.jpeg 800w\" sizes=\"(max-width: 300px) 100vw, 300px\" \/><h2 class=\"woocommerce-loop-product__title\">prueba<\/h2>\n\t<span class=\"price\"><span class=\"woocommerce-Price-amount amount\"><bdi><span class=\"woocommerce-Price-currencySymbol\">&#36;<\/span>10.00<\/bdi><\/span><\/span>\n<\/a><a href=\"\/index.php\/wp-json\/wp\/v2\/pages\/366?add-to-cart=377\" aria-describedby=\"woocommerce_loop_add_to_cart_link_describedby_377\" data-quantity=\"1\" class=\"button product_type_simple add_to_cart_button ajax_add_to_cart\" data-product_id=\"377\" data-product_sku=\"\" aria-label=\"Add to cart: &ldquo;prueba&rdquo;\" rel=\"nofollow\" data-success_message=\"&ldquo;prueba&rdquo; has been added to your cart\">A\u00f1adir al carrito<\/a>\t<span id=\"woocommerce_loop_add_to_cart_link_describedby_377\" class=\"screen-reader-text\">\n\t\t\t<\/span>\n<\/li>\n<li class=\"product type-product post-349 status-publish last instock product_cat-accesorios has-post-thumbnail shipping-taxable purchasable product-type-simple\">\n\t<a href=\"https:\/\/canaco.inovatix.com.mx\/index.php\/product\/taza-canaco\/\" class=\"woocommerce-LoopProduct-link woocommerce-loop-product__link\"><img loading=\"lazy\" decoding=\"async\" width=\"300\" height=\"300\" src=\"https:\/\/canaco.inovatix.com.mx\/wp-content\/uploads\/2025\/07\/WhatsApp-Image-2025-07-28-at-1.30.15-PM-300x300.jpeg\" class=\"attachment-woocommerce_thumbnail size-woocommerce_thumbnail\" alt=\"Taza canaco\" srcset=\"https:\/\/canaco.inovatix.com.mx\/wp-content\/uploads\/2025\/07\/WhatsApp-Image-2025-07-28-at-1.30.15-PM-300x300.jpeg 300w, https:\/\/canaco.inovatix.com.mx\/wp-content\/uploads\/2025\/07\/WhatsApp-Image-2025-07-28-at-1.30.15-PM-150x150.jpeg 150w, https:\/\/canaco.inovatix.com.mx\/wp-content\/uploads\/2025\/07\/WhatsApp-Image-2025-07-28-at-1.30.15-PM-768x768.jpeg 768w, https:\/\/canaco.inovatix.com.mx\/wp-content\/uploads\/2025\/07\/WhatsApp-Image-2025-07-28-at-1.30.15-PM-600x600.jpeg 600w, https:\/\/canaco.inovatix.com.mx\/wp-content\/uploads\/2025\/07\/WhatsApp-Image-2025-07-28-at-1.30.15-PM-100x100.jpeg 100w, https:\/\/canaco.inovatix.com.mx\/wp-content\/uploads\/2025\/07\/WhatsApp-Image-2025-07-28-at-1.30.15-PM.jpeg 800w\" sizes=\"(max-width: 300px) 100vw, 300px\" \/><h2 class=\"woocommerce-loop-product__title\">Taza canaco<\/h2>\n\t<span class=\"price\"><span class=\"woocommerce-Price-amount amount\"><bdi><span class=\"woocommerce-Price-currencySymbol\">&#36;<\/span>200.00<\/bdi><\/span><\/span>\n<\/a><a href=\"\/index.php\/wp-json\/wp\/v2\/pages\/366?add-to-cart=349\" aria-describedby=\"woocommerce_loop_add_to_cart_link_describedby_349\" data-quantity=\"1\" class=\"button product_type_simple add_to_cart_button ajax_add_to_cart\" data-product_id=\"349\" data-product_sku=\"\" aria-label=\"Add to cart: &ldquo;Taza canaco&rdquo;\" rel=\"nofollow\" data-success_message=\"&ldquo;Taza canaco&rdquo; has been added to your cart\">A\u00f1adir al carrito<\/a>\t<span id=\"woocommerce_loop_add_to_cart_link_describedby_349\" class=\"screen-reader-text\">\n\t\t\t<\/span>\n<\/li>\n<li class=\"product type-product post-355 status-publish first instock product_cat-accesorios has-post-thumbnail shipping-taxable purchasable product-type-simple\">\n\t<a href=\"https:\/\/canaco.inovatix.com.mx\/index.php\/product\/termo-canaco\/\" class=\"woocommerce-LoopProduct-link woocommerce-loop-product__link\"><img loading=\"lazy\" decoding=\"async\" width=\"300\" height=\"300\" src=\"https:\/\/canaco.inovatix.com.mx\/wp-content\/uploads\/2025\/07\/WhatsApp-Image-2025-07-28-at-1.30.16-PM-300x300.jpeg\" class=\"attachment-woocommerce_thumbnail size-woocommerce_thumbnail\" alt=\"Termo canaco\" srcset=\"https:\/\/canaco.inovatix.com.mx\/wp-content\/uploads\/2025\/07\/WhatsApp-Image-2025-07-28-at-1.30.16-PM-300x300.jpeg 300w, https:\/\/canaco.inovatix.com.mx\/wp-content\/uploads\/2025\/07\/WhatsApp-Image-2025-07-28-at-1.30.16-PM-150x150.jpeg 150w, https:\/\/canaco.inovatix.com.mx\/wp-content\/uploads\/2025\/07\/WhatsApp-Image-2025-07-28-at-1.30.16-PM-768x768.jpeg 768w, https:\/\/canaco.inovatix.com.mx\/wp-content\/uploads\/2025\/07\/WhatsApp-Image-2025-07-28-at-1.30.16-PM-600x600.jpeg 600w, https:\/\/canaco.inovatix.com.mx\/wp-content\/uploads\/2025\/07\/WhatsApp-Image-2025-07-28-at-1.30.16-PM-100x100.jpeg 100w, https:\/\/canaco.inovatix.com.mx\/wp-content\/uploads\/2025\/07\/WhatsApp-Image-2025-07-28-at-1.30.16-PM.jpeg 800w\" sizes=\"(max-width: 300px) 100vw, 300px\" \/><h2 class=\"woocommerce-loop-product__title\">Termo canaco<\/h2>\n\t<span class=\"price\"><span class=\"woocommerce-Price-amount amount\"><bdi><span class=\"woocommerce-Price-currencySymbol\">&#36;<\/span>80.00<\/bdi><\/span><\/span>\n<\/a><a href=\"\/index.php\/wp-json\/wp\/v2\/pages\/366?add-to-cart=355\" aria-describedby=\"woocommerce_loop_add_to_cart_link_describedby_355\" data-quantity=\"1\" class=\"button product_type_simple add_to_cart_button ajax_add_to_cart\" data-product_id=\"355\" data-product_sku=\"\" aria-label=\"Add to cart: &ldquo;Termo canaco&rdquo;\" rel=\"nofollow\" data-success_message=\"&ldquo;Termo canaco&rdquo; has been added to your cart\">A\u00f1adir al carrito<\/a>\t<span id=\"woocommerce_loop_add_to_cart_link_describedby_355\" class=\"screen-reader-text\">\n\t\t\t<\/span>\n<\/li>\n<\/ul>\n  <\/div> <div class=\"tabs-panel tabs-featured\" data-settings=\"{&quot;products&quot;:&quot;featured&quot;,&quot;orderby&quot;:&quot;&quot;,&quot;order&quot;:&quot;&quot;,&quot;category&quot;:&quot;accesorios&quot;,&quot;tag&quot;:&quot;&quot;,&quot;product_brands&quot;:&quot;&quot;,&quot;per_page&quot;:8,&quot;paginate&quot;:true}\"><\/div> <div class=\"tabs-panel tabs-top_rated\" data-settings=\"{&quot;products&quot;:&quot;top_rated&quot;,&quot;orderby&quot;:&quot;&quot;,&quot;order&quot;:&quot;&quot;,&quot;category&quot;:&quot;accesorios&quot;,&quot;tag&quot;:&quot;&quot;,&quot;product_brands&quot;:&quot;&quot;,&quot;per_page&quot;:8,&quot;paginate&quot;:true}\"><\/div><\/div>\t\t<\/div>\r\n\t\t\t\t\t\t<\/div>\n\t\t\t\t<\/div>\n\t\t\t\t\t<\/div>\n\t\t\t\t<\/div>\n\t\t\t\t<\/div>\n\t\t","protected":false},"excerpt":{"rendered":"<p>A\u00f1adir al carrito Ver Agregar a lista de deseosaccesorios camisa canaco &#36;500.00 A\u00f1adir al carrito Ver Agregar a lista de deseosaccesorios Libreta canaco &#36;150.00 A\u00f1adir al carrito Ver Agregar a lista de deseosaccesorios Taza canaco &#36;200.00 A\u00f1adir al carrito Ver Agregar a lista de deseosaccesorios Termo canaco &#36;80.00<\/p>\n","protected":false},"author":1,"featured_media":0,"parent":0,"menu_order":0,"comment_status":"closed","ping_status":"closed","template":"","meta":{"footnotes":""},"class_list":["post-366","page","type-page","status-publish","hentry"],"_links":{"self":[{"href":"https:\/\/canaco.inovatix.com.mx\/index.php\/wp-json\/wp\/v2\/pages\/366","targetHints":{"allow":["GET"]}}],"collection":[{"href":"https:\/\/canaco.inovatix.com.mx\/index.php\/wp-json\/wp\/v2\/pages"}],"about":[{"href":"https:\/\/canaco.inovatix.com.mx\/index.php\/wp-json\/wp\/v2\/types\/page"}],"author":[{"embeddable":true,"href":"https:\/\/canaco.inovatix.com.mx\/index.php\/wp-json\/wp\/v2\/users\/1"}],"replies":[{"embeddable":true,"href":"https:\/\/canaco.inovatix.com.mx\/index.php\/wp-json\/wp\/v2\/comments?post=366"}],"version-history":[{"count":7,"href":"https:\/\/canaco.inovatix.com.mx\/index.php\/wp-json\/wp\/v2\/pages\/366\/revisions"}],"predecessor-version":[{"id":374,"href":"https:\/\/canaco.inovatix.com.mx\/index.php\/wp-json\/wp\/v2\/pages\/366\/revisions\/374"}],"wp:attachment":[{"href":"https:\/\/canaco.inovatix.com.mx\/index.php\/wp-json\/wp\/v2\/media?parent=366"}],"curies":[{"name":"wp","href":"https:\/\/api.w.org\/{rel}","templated":true}]}}