{"id":165,"date":"2025-07-10T16:54:51","date_gmt":"2025-07-10T16:54:51","guid":{"rendered":"https:\/\/canaco.inovatix.com.mx\/?post_type=product&#038;p=165"},"modified":"2025-07-28T19:34:14","modified_gmt":"2025-07-28T19:34:14","slug":"curso-reforma-laboral-2023-y-regimen-simplificado-de-confianza","status":"publish","type":"product","link":"https:\/\/canaco.inovatix.com.mx\/index.php\/product\/curso-reforma-laboral-2023-y-regimen-simplificado-de-confianza\/","title":{"rendered":"Curso reforma laboral 2023 y r\u00e9gimen simplificado de confianza"},"content":{"rendered":"","protected":false},"excerpt":{"rendered":"<p>Aprender\u00e1s sobre las modificaciones en las leyes laborales y fiscales, as\u00ed como los beneficios y requisitos del r\u00e9gimen simplificado de tributaci\u00f3n para empresas y profesionales independientes. Tambi\u00e9n se tratara de temas como los derechos laborales y obligaciones patronales, los tipos de contrataci\u00f3n y la gesti\u00f3n de n\u00f3mina y prestaciones.<\/p>\n","protected":false},"featured_media":166,"comment_status":"open","ping_status":"closed","template":"","meta":[],"product_brand":[],"product_cat":[17],"product_tag":[],"mwb_booking_cost":[],"mwb_booking_service":[],"class_list":{"0":"post-165","1":"product","2":"type-product","3":"status-publish","4":"has-post-thumbnail","6":"product_cat-cursos","8":"first","9":"instock","10":"virtual","11":"purchasable","12":"product-type-simple"},"_links":{"self":[{"href":"https:\/\/canaco.inovatix.com.mx\/index.php\/wp-json\/wp\/v2\/product\/165","targetHints":{"allow":["GET"]}}],"collection":[{"href":"https:\/\/canaco.inovatix.com.mx\/index.php\/wp-json\/wp\/v2\/product"}],"about":[{"href":"https:\/\/canaco.inovatix.com.mx\/index.php\/wp-json\/wp\/v2\/types\/product"}],"replies":[{"embeddable":true,"href":"https:\/\/canaco.inovatix.com.mx\/index.php\/wp-json\/wp\/v2\/comments?post=165"}],"wp:featuredmedia":[{"embeddable":true,"href":"https:\/\/canaco.inovatix.com.mx\/index.php\/wp-json\/wp\/v2\/media\/166"}],"wp:attachment":[{"href":"https:\/\/canaco.inovatix.com.mx\/index.php\/wp-json\/wp\/v2\/media?parent=165"}],"wp:term":[{"taxonomy":"product_brand","embeddable":true,"href":"https:\/\/canaco.inovatix.com.mx\/index.php\/wp-json\/wp\/v2\/product_brand?post=165"},{"taxonomy":"product_cat","embeddable":true,"href":"https:\/\/canaco.inovatix.com.mx\/index.php\/wp-json\/wp\/v2\/product_cat?post=165"},{"taxonomy":"product_tag","embeddable":true,"href":"https:\/\/canaco.inovatix.com.mx\/index.php\/wp-json\/wp\/v2\/product_tag?post=165"},{"taxonomy":"mwb_booking_cost","embeddable":true,"href":"https:\/\/canaco.inovatix.com.mx\/index.php\/wp-json\/wp\/v2\/mwb_booking_cost?post=165"},{"taxonomy":"mwb_booking_service","embeddable":true,"href":"https:\/\/canaco.inovatix.com.mx\/index.php\/wp-json\/wp\/v2\/mwb_booking_service?post=165"}],"curies":[{"name":"wp","href":"https:\/\/api.w.org\/{rel}","templated":true}]}}