{"id":167,"date":"2025-07-10T16:56:20","date_gmt":"2025-07-10T16:56:20","guid":{"rendered":"https:\/\/canaco.inovatix.com.mx\/?post_type=product&#038;p=167"},"modified":"2025-07-28T19:34:22","modified_gmt":"2025-07-28T19:34:22","slug":"curso-manejo-operativo-de-redes-sociales","status":"publish","type":"product","link":"https:\/\/canaco.inovatix.com.mx\/index.php\/product\/curso-manejo-operativo-de-redes-sociales\/","title":{"rendered":"Curso manejo operativo de redes sociales"},"content":{"rendered":"","protected":false},"excerpt":{"rendered":"<p>Se abordan temas como la creaci\u00f3n y gesti\u00f3n de perfiles empresariales en las principales redes sociales (Facebook, Instagram, Twitter, LinkedIn, entre otras), la generaci\u00f3n de contenido creativo y atractivo para los usuarios, la optimizaci\u00f3n del alcance y la interacci\u00f3n con el p\u00fablico objetivo. Se ense\u00f1an t\u00e9cnicas para realizar publicidad efectiva en redes sociales, y se brinda orientaci\u00f3n sobre c\u00f3mo analizar los resultados de la estrategia de marketing en redes sociales para mejorar el rendimiento.<\/p>\n","protected":false},"featured_media":168,"comment_status":"open","ping_status":"closed","template":"","meta":[],"product_brand":[],"product_cat":[17],"product_tag":[],"mwb_booking_cost":[],"mwb_booking_service":[],"class_list":{"0":"post-167","1":"product","2":"type-product","3":"status-publish","4":"has-post-thumbnail","6":"product_cat-cursos","8":"first","9":"instock","10":"virtual","11":"purchasable","12":"product-type-simple"},"_links":{"self":[{"href":"https:\/\/canaco.inovatix.com.mx\/index.php\/wp-json\/wp\/v2\/product\/167","targetHints":{"allow":["GET"]}}],"collection":[{"href":"https:\/\/canaco.inovatix.com.mx\/index.php\/wp-json\/wp\/v2\/product"}],"about":[{"href":"https:\/\/canaco.inovatix.com.mx\/index.php\/wp-json\/wp\/v2\/types\/product"}],"replies":[{"embeddable":true,"href":"https:\/\/canaco.inovatix.com.mx\/index.php\/wp-json\/wp\/v2\/comments?post=167"}],"wp:featuredmedia":[{"embeddable":true,"href":"https:\/\/canaco.inovatix.com.mx\/index.php\/wp-json\/wp\/v2\/media\/168"}],"wp:attachment":[{"href":"https:\/\/canaco.inovatix.com.mx\/index.php\/wp-json\/wp\/v2\/media?parent=167"}],"wp:term":[{"taxonomy":"product_brand","embeddable":true,"href":"https:\/\/canaco.inovatix.com.mx\/index.php\/wp-json\/wp\/v2\/product_brand?post=167"},{"taxonomy":"product_cat","embeddable":true,"href":"https:\/\/canaco.inovatix.com.mx\/index.php\/wp-json\/wp\/v2\/product_cat?post=167"},{"taxonomy":"product_tag","embeddable":true,"href":"https:\/\/canaco.inovatix.com.mx\/index.php\/wp-json\/wp\/v2\/product_tag?post=167"},{"taxonomy":"mwb_booking_cost","embeddable":true,"href":"https:\/\/canaco.inovatix.com.mx\/index.php\/wp-json\/wp\/v2\/mwb_booking_cost?post=167"},{"taxonomy":"mwb_booking_service","embeddable":true,"href":"https:\/\/canaco.inovatix.com.mx\/index.php\/wp-json\/wp\/v2\/mwb_booking_service?post=167"}],"curies":[{"name":"wp","href":"https:\/\/api.w.org\/{rel}","templated":true}]}}