{"id":169,"date":"2025-07-10T16:57:22","date_gmt":"2025-07-10T16:57:22","guid":{"rendered":"https:\/\/canaco.inovatix.com.mx\/?post_type=product&#038;p=169"},"modified":"2025-07-10T16:57:22","modified_gmt":"2025-07-10T16:57:22","slug":"atencion-y-calidad-en-el-servicio-al-usuario","status":"publish","type":"product","link":"https:\/\/canaco.inovatix.com.mx\/index.php\/product\/atencion-y-calidad-en-el-servicio-al-usuario\/","title":{"rendered":"Atenci\u00f3n y calidad en el servicio al usuario"},"content":{"rendered":"","protected":false},"excerpt":{"rendered":"<p><strong>Aprender\u00e1s t\u00e9cnicas y habilidades para proporcionar un servicio excepcional al cliente, incluyendo c\u00f3mo interactuar con ellos de manera efectiva, manejar quejas y conflictos, mejorar la satisfacci\u00f3n del cliente, as\u00ed como tambi\u00e9n comprender y satisfacer sus necesidades y expectativas.<\/strong><\/p>\n","protected":false},"featured_media":170,"comment_status":"open","ping_status":"closed","template":"","meta":[],"product_brand":[],"product_cat":[17],"product_tag":[],"mwb_booking_cost":[],"mwb_booking_service":[],"class_list":{"0":"post-169","1":"product","2":"type-product","3":"status-publish","4":"has-post-thumbnail","6":"product_cat-cursos","8":"first","9":"instock","10":"virtual","11":"purchasable","12":"product-type-simple"},"_links":{"self":[{"href":"https:\/\/canaco.inovatix.com.mx\/index.php\/wp-json\/wp\/v2\/product\/169","targetHints":{"allow":["GET"]}}],"collection":[{"href":"https:\/\/canaco.inovatix.com.mx\/index.php\/wp-json\/wp\/v2\/product"}],"about":[{"href":"https:\/\/canaco.inovatix.com.mx\/index.php\/wp-json\/wp\/v2\/types\/product"}],"replies":[{"embeddable":true,"href":"https:\/\/canaco.inovatix.com.mx\/index.php\/wp-json\/wp\/v2\/comments?post=169"}],"wp:featuredmedia":[{"embeddable":true,"href":"https:\/\/canaco.inovatix.com.mx\/index.php\/wp-json\/wp\/v2\/media\/170"}],"wp:attachment":[{"href":"https:\/\/canaco.inovatix.com.mx\/index.php\/wp-json\/wp\/v2\/media?parent=169"}],"wp:term":[{"taxonomy":"product_brand","embeddable":true,"href":"https:\/\/canaco.inovatix.com.mx\/index.php\/wp-json\/wp\/v2\/product_brand?post=169"},{"taxonomy":"product_cat","embeddable":true,"href":"https:\/\/canaco.inovatix.com.mx\/index.php\/wp-json\/wp\/v2\/product_cat?post=169"},{"taxonomy":"product_tag","embeddable":true,"href":"https:\/\/canaco.inovatix.com.mx\/index.php\/wp-json\/wp\/v2\/product_tag?post=169"},{"taxonomy":"mwb_booking_cost","embeddable":true,"href":"https:\/\/canaco.inovatix.com.mx\/index.php\/wp-json\/wp\/v2\/mwb_booking_cost?post=169"},{"taxonomy":"mwb_booking_service","embeddable":true,"href":"https:\/\/canaco.inovatix.com.mx\/index.php\/wp-json\/wp\/v2\/mwb_booking_service?post=169"}],"curies":[{"name":"wp","href":"https:\/\/api.w.org\/{rel}","templated":true}]}}